{"id":13801,"date":"2026-03-27T21:00:41","date_gmt":"2026-03-27T20:00:41","guid":{"rendered":"https:\/\/scienceetpratique.com\/?page_id=13801"},"modified":"2026-03-28T14:48:47","modified_gmt":"2026-03-28T13:48:47","slug":"biographie","status":"publish","type":"page","link":"https:\/\/scienceetpratique.com\/?page_id=13801","title":{"rendered":"QUI SOMMES NOUS"},"content":{"rendered":"<p style=\"text-align: left;\"><span style=\"color: #ff0000;\"><strong>LE SITE<\/strong><\/span><\/p>\n<p style=\"text-align: left;\"><span style=\"color: #000000;\"><a href=\"http:\/\/scienceetpratique.com\" target=\"_blank\" rel=\"noopener\"><strong><u>scienceetpratique.com<\/u><\/strong><\/a> est un site de pr\u00e9dication (<em>d\u00e8\u2018wa<\/em>) islamique d\u00e9di\u00e9 \u00e0 la vulgarisation de la Sounna du Proph\u00e8te Mou<u>h<\/u>ammed \ufdfa, et suivant les traces des pieux pr\u00e9d\u00e9cesseurs (<em>\u00e8s-s\u00e8l\u00e8f as-s\u00e2li<u>h<\/u><\/em>). Son action est purement pr\u00e9dicative, enseignante et \u00e9ducative.<\/span><\/p>\n<p style=\"text-align: left;\"><span style=\"color: #ff0000;\"><strong>SA LIGNE <\/strong><strong>\u00c9DITORIALE<\/strong><\/span><\/p>\n<p style=\"text-align: left;\"><span style=\"color: #000000;\">Le site <a href=\"http:\/\/scienceetpratique.com\" target=\"_blank\" rel=\"noopener\"><strong><u>scienceetpratique.com<\/u><\/strong><\/a>\u00a0prend en charge de divulguer les \u00e9crits, les audio et vid\u00e9os des gens de science qui suivent la Sounna du Proph\u00e8te \ufdfa, et qui sont dans le sillage des pieux pr\u00e9d\u00e9cesseurs de cette Nation (<em>\u00e8s-s\u00e8l\u00e8f as-s\u00e2li<u>h<\/u><\/em>).<\/span><\/p>\n<p style=\"text-align: left;\"><span style=\"color: #ff0000;\"><strong>SES OBJECTIFS<\/strong><\/span><\/p>\n<ol style=\"text-align: left;\">\n<li><span style=\"color: #000000;\">Rapprocher la science aux gens et les inviter \u00e0 la pratiquer.<\/span><\/li>\n<li><span style=\"color: #000000;\">Promouvoir les pr\u00e9ceptes islamiques tels qu&rsquo;ils sont enseign\u00e9s par le Proph\u00e8te \ufdfa et enseign\u00e9s par les Gens de la Sounna et du Groupe.<\/span><\/li>\n<li><span style=\"color: #000000;\">Propager les travaux de science b\u00e9n\u00e9fiques.<\/span><\/li>\n<li><span style=\"color: #000000;\">R\u00e9former les m\u00e9thodes de traduction et d\u2019\u00e9criture islamiques.<\/span><\/li>\n<\/ol>\n<p style=\"text-align: left;\"><span style=\"color: #ff0000;\"><strong>QUI EN EST LE G\u00c9RANT ?<\/strong><\/span><\/p>\n<p style=\"text-align: left;\"><span style=\"color: #000000;\"><em>Science et pratique<\/em> est g\u00e9r\u00e9 par le fr\u00e8re Dr Abderrahmane Ayad, alias Abo\u00fb Fah\u00eema \u2018Abd Ar-Ra<u>h<\/u>m\u00ean.<\/span><\/p>\n<p style=\"text-align: left;\"><span style=\"color: #ff0000;\"><strong>PR\u00c9SENTATION DU G\u00c9RANT\u00a0<\/strong><\/span><\/p>\n<p style=\"text-align: left;\"><span style=\"color: #000000;\">Le Dr Abderrahmane Ayad est un linguiste, traducteur et auteur alg\u00e9rien, n\u00e9 le 16 Chaww\u00eal 1396 (10 octobre 1976), \u00e0 B\u00e9jaia. Il est Maitre de conf\u00e9rences en sciences du langage \u00e0 l\u2019Universit\u00e9 de Jijel. Il a eu son dipl\u00f4me de Licence classique en langue et litt\u00e9rature fran\u00e7aises \u00e0 l\u2019universit\u00e9 de B\u00e9jaia en 2003, puis a suivi une Licence 3 \u00e0 l\u2019Universit\u00e9 Saint-Denis (Paris 8), o\u00f9 il a \u00e9tudi\u00e9 la linguistique et la traduction.<\/span><\/p>\n<p style=\"text-align: left;\"><span style=\"color: #000000;\">Il a ensuite entam\u00e9 un Master 1 en sciences du langage \u00e0 l\u2019Universit\u00e9 La Sorbonne Nouvelle (Paris 3), en 2005-2007, conjointement avec une formation en Imamat \u00e0 l\u2019Institut Al-Ghazali de la Grande Mosqu\u00e9e de Paris.\u00a0<\/span><\/p>\n<p style=\"text-align: left;\"><span style=\"color: #000000;\">Une fois entr\u00e9 en Alg\u00e9rie, il passe un concours de Magist\u00e8re en Sciences du langage dans le cadre de l\u2019\u00e9cole doctorale alg\u00e9ro-fran\u00e7aise \u00e0 l\u2019Universit\u00e9 Alger 2 (anciennement Universit\u00e9 de Bouzr\u00e9ah), et y obtient le Dipl\u00f4me en 2012. Entre temps, il est employ\u00e9 contractuel \u00e0 la Radio Coran \u00e0 Alger (2008-2012). Il fonctionne en tant que producteur de deux \u00e9missions religieuses hebdomadaires (une en kabyle et une autre en fran\u00e7ais). Il est aussi r\u00e9dacteur francophone dans la Revue bimensuelle de la m\u00eame Radio. De 2009 \u00e0 2011, il rejoint l\u2019Universit\u00e9 de Batna, o\u00f9 il suit des \u00e9tudes en licence des Sciences islamiques. En 2015, il s\u2019inscrit aux \u00e9tudes doctorales en sciences du langage \u00e0 l\u2019Universit\u00e9 Alger 2, et y d\u00e9croche son Doctorat \u00e8s sciences en 2023. Sa Th\u00e8se porte sur la terminologie islamique en langue fran\u00e7aise. Elle est intitul\u00e9e \u00ab La terminologie islamique dans la langue fran\u00e7aise. \u00c9tude linguistique dans une perspective lexico-s\u00e9mantique et prax\u00e9matique \u00bb. Apr\u00e8s l\u2019avoir soutenue publiquement, le jury lui octroie la mention Tr\u00e8s Honorable.<\/span><\/p>\n<p style=\"text-align: left;\"><span style=\"color: #000000;\">Abderrahmane Ayad exerce dans le domaine de la traduction islamique depuis 2001. Il est l\u2019auteur de plusieurs centaines de publications (traductions et \u00e9crits arabe\/fran\u00e7ais), qui sont publi\u00e9es sur ce site et rediffus\u00e9es par plusieurs autres. Entre 2001 et 2025, il a publi\u00e9 une trentaine d\u2019ouvrages et s\u2019est consacr\u00e9 \u00e0 la r\u00e9daction de nombreux articles de traductologie religieuse. Sa valeur ajout\u00e9e en est la mise en pratique des concepts de la linguistique et des sciences du langage.<\/span><\/p>\n<p style=\"text-align: left;\"><span style=\"color: #000000;\">Voici une \u00e9num\u00e9ration \u00e0 titre indicatif de ses publications :<\/span><\/p>\n<p style=\"text-align: left;\"><strong style=\"color: #ff0000;\">\u00a0 \u00a0 \u00a0 \u00a01. En traduction islamique<\/strong><\/p>\n<ul style=\"text-align: left;\">\n<li><span style=\"color: #000000;\">La pri\u00e8re de consultation, \u00e9ditions L\u2019imam Malik, Alger, 2005.<\/span><\/li>\n<li><span style=\"color: #000000;\">La pri\u00e8re de l\u2019aube, \u00e9ditions L\u2019imam Malik, Alger, 2005.<\/span><\/li>\n<li><span style=\"color: #000000;\">Qui t\u2019interdit de mettre le hidj\u00eab ? \u00e9ditions L\u2019imam Malik, Alger, 2006 (r\u00e9\u00e9dit\u00e9 plusieurs fois), puis r\u00e9intitul\u00e9 2010 Pourquoi ne mets-tu pas le hijab ?<\/span><\/li>\n<li><span style=\"color: #000000;\"><em>La pri\u00e8re de consultation<\/em>, \u00e9ditions L\u2019imam Malik, Alger, 2005.<\/span><\/li>\n<li><span style=\"color: #000000;\"><em>La pri\u00e8re de l\u2019aube<\/em>, \u00e9ditions L\u2019imam Malik, Alger, 2005.<\/span><\/li>\n<li><span style=\"color: #000000;\"><em>Le suivi de la Sounna du Proph\u00e8te<\/em> \ufdfa, 2005 (\u00e9dit\u00e9 en 2017).<\/span><\/li>\n<li><span style=\"color: #000000;\"><em>Le jugement religieux sur la Zarda et la Waada<\/em>, \u00e9ditions L\u2019imam Malik, Alger, 2006 (r\u00e9\u00e9dit\u00e9 plusieurs fois).<\/span><\/li>\n<li><span style=\"color: #000000;\"><em>La croyance d\u2019El W\u00e2citiyya et La croyance d\u2019At-Ta<u>h<\/u>\u00e2wiyya<\/em>, \u00e9ditions Zeno, Paris, 2007.<\/span><\/li>\n<li><span style=\"color: #000000;\"><em>L\u2019unicit\u00e9 d\u2019All\u00e2h dans la Thora, l\u2019\u00c9vangile et le Qour\u2019\u00ean, petite \u00e9p\u00eetre \u00e0 l\u2019intention de notre voisin le chr\u00e9tien,<\/em> \u00e9ditions L\u2019imam Malik, Alger, 2008 (r\u00e9\u00e9dit\u00e9 plusieurs fois).<\/span><\/li>\n<li><span style=\"color: #000000;\"><em>Le m\u00e9rite des quatre paroles<\/em>, \u00e9ditions al \u2018ilm ass\u00e2f\u00ee, Alger, 20012.<\/span><\/li>\n<li><span style=\"color: #000000;\"><em>L\u2019islam, une religion parfaite<\/em>, \u00e9ditions science et pratique, B\u00e9jaia, 2017.<\/span><\/li>\n<li><span style=\"color: #000000;\"><em>Le m\u00e9rit\u00e9 de suivre la Sounna du Proph\u00e8te<\/em>, \u00e9ditions science et pratique, B\u00e9jaia, 2017.<\/span><\/li>\n<li><span style=\"color: #000000;\"><em>Abd E Hamid Ibn Badis, un Imam de Guid\u00e9e, de science et de r\u00e9forme<\/em>, \u00e9ditions science et pratique, B\u00e9jaia, 2017, r\u00e9\u00e9dit\u00e9 aux \u00e9ditions Kataba, Paris, 2021.<\/span><\/li>\n<li><span style=\"color: #000000;\"><em>Les fondements de la Sounna<\/em>, \u00e9ditions science et pratique, B\u00e9jaia, 2024.<\/span><\/li>\n<li><span style=\"color: #000000;\"><em>Les plus beaux Noms d\u2019All\u00e2h et leurs sens<\/em>, \u00e9ditions science et pratique, B\u00e9jaia, 2024\u00a0; puis Amazon.<\/span><\/li>\n<li><span style=\"color: #000000;\"><em>Concise description de la pri\u00e8re du Proph\u00e8te \ufdfa<\/em>, \u00e9ditions science et pratique, B\u00e9jaia, 2024.<\/span><\/li>\n<li><span style=\"color: #ff0000;\"><strong>2. En linguistique<\/strong><\/span><\/li>\n<\/ul>\n<ul style=\"text-align: left;\">\n<li><span style=\"color: #000000;\"><em>La terminologie religieuse de l\u2019islam dans la langue fran\u00e7aise<\/em>, \u00e9ditions science et pratique, B\u00e9jaia, 2017.<\/span><\/li>\n<li><span style=\"color: #000000;\"><em>Lexicologie et s\u00e9mantique. \u00c9tude contrastive des mots de l\u2019islam<\/em>, \u00e9ditions Dar Wamda, Jijel, 2024.<\/span><\/li>\n<li><span style=\"color: #000000;\"><em>Dictionnaire de linguistique et des sciences du langage<\/em>, \u00e9ditions Science et pratique, B\u00e9jaia, 2025.<\/span><\/li>\n<\/ul>\n<p style=\"text-align: left;\"><span style=\"color: #000000;\">Outre ses traductions et publications scientifiques, Dr Abderrahmane Ayad dispense des cours audios sur des th\u00e8mes vari\u00e9s de l\u2019islam, qui sont publi\u00e9s sur son site et sur sa chaine YouTube\u00a0:<\/span><\/p>\n<p style=\"text-align: left;\"><span style=\"color: #000000;\"><a style=\"color: #000000;\" href=\"https:\/\/youtu.be\/8CygL5K0jAY?si=_yshu2m2Xn_YmXpb\" target=\"_blank\" rel=\"noopener\">https:\/\/youtu.be\/8CygL5K0jAY?si=_yshu2m2Xn_YmXpb<\/a>\u00a0\u00a0<\/span><\/p>\n<p style=\"text-align: left;\"><span style=\"color: #000000;\">Actuellement, parall\u00e8lement \u00e0 son enseignement universitaire, il s\u2019att\u00e8le \u00e0 la recherche acad\u00e9mique en linguistique et en traductologie religieuse. L\u2019objectif est de mener \u00e0 terme son projet scientifique qu\u2019il a commenc\u00e9 depuis plusieurs ann\u00e9es. Celui-ci s\u2019inscrit dans le domaine de la th\u00e9olinguistique. Il concerne la traductologie et la terminologie islamiques en langue fran\u00e7aise. La finalit\u00e9 est d\u2019assoir leurs fondements sous l\u2019angle des sciences du langage au croisement des bases religieuses h\u00e9rit\u00e9es des pieux pr\u00e9d\u00e9cesseurs. L\u2019aboutissement en est sa th\u00e9orie pour traduire le Qour\u2019\u00ean (Coran) avec une plus grande efficacit\u00e9, qu\u2019il a appel\u00e9e \u00ab\u00a0la traduction litt\u00e9ro-contextuelle\u00a0\u00bb.<\/span><\/p>\n<p style=\"text-align: left;\"><strong><span style=\"color: #ff0000;\">Publi\u00e9 sur\u00a0:<\/span> <a href=\"https:\/\/scienceetpratique.com\/?page_id=13801\" target=\"_blank\" rel=\"noopener\">https:\/\/scienceetpratique.com\/?page_id=13801<\/a> <\/strong><\/p>\n<p style=\"text-align: left;\">&#8212;<\/p>\n","protected":false},"excerpt":{"rendered":"<p>LE SITE scienceetpratique.com est un site de pr\u00e9dication (d\u00e8\u2018wa) islamique d\u00e9di\u00e9 \u00e0 la vulgarisation de la Sounna du Proph\u00e8te Mouhammed \ufdfa, et suivant les traces des pieux pr\u00e9d\u00e9cesseurs (\u00e8s-s\u00e8l\u00e8f as-s\u00e2lih). Son action est purement pr\u00e9dicative, enseignante et \u00e9ducative. SA LIGNE \u00c9DITORIALE Le site scienceetpratique.com\u00a0prend en charge de divulguer les \u00e9crits, les audio et vid\u00e9os des&hellip;<\/p>\n","protected":false},"author":1,"featured_media":0,"parent":0,"menu_order":0,"comment_status":"closed","ping_status":"closed","template":"","meta":{"footnotes":""},"class_list":["post-13801","page","type-page","status-publish","hentry"],"rttpg_featured_image_url":null,"rttpg_author":{"display_name":"scienceetpratique","author_link":"https:\/\/scienceetpratique.com\/?author=1"},"rttpg_comment":0,"rttpg_category":null,"rttpg_excerpt":"LE SITE scienceetpratique.com est un site de pr\u00e9dication (d\u00e8\u2018wa) islamique d\u00e9di\u00e9 \u00e0 la vulgarisation de la Sounna du Proph\u00e8te Mouhammed \ufdfa, et suivant les traces des pieux pr\u00e9d\u00e9cesseurs (\u00e8s-s\u00e8l\u00e8f as-s\u00e2lih). Son action est purement pr\u00e9dicative, enseignante et \u00e9ducative. SA LIGNE \u00c9DITORIALE Le site scienceetpratique.com\u00a0prend en charge de divulguer les \u00e9crits, les audio et vid\u00e9os des&hellip;","_links":{"self":[{"href":"https:\/\/scienceetpratique.com\/index.php?rest_route=\/wp\/v2\/pages\/13801","targetHints":{"allow":["GET"]}}],"collection":[{"href":"https:\/\/scienceetpratique.com\/index.php?rest_route=\/wp\/v2\/pages"}],"about":[{"href":"https:\/\/scienceetpratique.com\/index.php?rest_route=\/wp\/v2\/types\/page"}],"author":[{"embeddable":true,"href":"https:\/\/scienceetpratique.com\/index.php?rest_route=\/wp\/v2\/users\/1"}],"replies":[{"embeddable":true,"href":"https:\/\/scienceetpratique.com\/index.php?rest_route=%2Fwp%2Fv2%2Fcomments&post=13801"}],"version-history":[{"count":9,"href":"https:\/\/scienceetpratique.com\/index.php?rest_route=\/wp\/v2\/pages\/13801\/revisions"}],"predecessor-version":[{"id":13823,"href":"https:\/\/scienceetpratique.com\/index.php?rest_route=\/wp\/v2\/pages\/13801\/revisions\/13823"}],"wp:attachment":[{"href":"https:\/\/scienceetpratique.com\/index.php?rest_route=%2Fwp%2Fv2%2Fmedia&parent=13801"}],"curies":[{"name":"wp","href":"https:\/\/api.w.org\/{rel}","templated":true}]}}